{"id":1573,"date":"2022-02-26T14:12:41","date_gmt":"2022-02-26T13:12:41","guid":{"rendered":"https:\/\/emk-gottesdienst.org\/besondere-zeiten\/?page_id=1573"},"modified":"2026-02-27T17:24:06","modified_gmt":"2026-02-27T16:24:06","slug":"wer-wir-sind","status":"publish","type":"page","link":"https:\/\/emk-gottesdienst.org\/besondere-zeiten\/wer-wir-sind\/","title":{"rendered":"Wer wir sind"},"content":{"rendered":"\n<p>Die <strong>Fachkommission<\/strong> (fr\u00fcher: Fachgruppe) <strong>f\u00fcr Gottesdienst und Agende<\/strong> ist im Bereich der Evangelisch-methodistischen Kirche (EmK) in Deutschland daf\u00fcr zust\u00e4ndig, gottesdienstliche Praxis zu reflektieren und neue Formen zu entwickeln.&nbsp;Bis 2022 geschah dies in enger Zusammenarbeit mit der zwischenzeitlich aufgel\u00f6sten Arbeitsgruppe Liturgie der Zentralkonferenz Mittel- und S\u00fcdeuropa.<\/p>\n\n\n\n<p>Die Agende, das offizielle Gottesdienstbuch der EmK, wird in ihrer Fassung von 2004 derzeit komplett \u00fcberarbeitet, nachdem die Zentralkonferenz Deutschland 2017 eine Gottes\u00ad<nobr>dienst<\/nobr>\u00adreform und ihre liturgietheologischen Leitideen beschlossen hat. Die Agende enth\u00e4lt liturgisch und theologisch durchdachte Modelle, Gebete und Texte f\u00fcr Gottesdienste und Kasualien in der EmK zu unterschiedlichen Anl\u00e4ssen. Sie st\u00e4rkt einerseits das Verbindende und er\u00f6ffnet andererseits R\u00e4ume f\u00fcr die eigene Gestaltung. Sie hilft, sich mit der eigenen Gottesdienstpraxis auseinanderzusetzen und Rituale situativ anzupassen bzw. zu entwickeln.<\/p>\n\n\n\n<p>Die Fachkommission arbeitet auf vielf\u00e4ltige Weise: Sie beobachtet, reflektiert, gestaltet, informiert, arbeitet zu, vernetzt, bildet weiter und ber\u00e4t. So entstehen gottesdienstliche Formulare, Rituale, neue Formen, Gebete, Grundlagentexte zu liturgischen Themen, Weiterbildungen f\u00fcr Haupt- und Ehrenamtliche, Workshops und Beratung bei gottesdienstlichen und liturgischen Fragen.<\/p>\n\n\n\n<p>Letzte Projekte waren z.B.:<\/p>\n\n\n\n<ul class=\"wp-block-list\">\n<li>der Leitfaden \u201eGottesdienst einfach\u201c, der Ehrenamtliche bei der Gottesdienstvorbereitung unterst\u00fctzt,<\/li>\n<\/ul>\n\n\n\n<ul class=\"wp-block-list\">\n<li>das <a href=\"https:\/\/www.leuenberg.eu\/de\/2026\/01\/28\/gebet-anlaesslich-des-vierten-jahrestages-des-angriffskrieges-auf-die-ukraine\/\" target=\"_blank\" rel=\"noreferrer noopener\">Gebet<\/a> anl\u00e4sslich des vierten Jahrestags des Ukrainekriegs im Auftrag der <a href=\"https:\/\/www.leuenberg.eu\/\" target=\"_blank\" rel=\"noreferrer noopener\">GEKE<\/a>,<\/li>\n<\/ul>\n\n\n\n<ul class=\"wp-block-list\">\n<li>die Brosch\u00fcre \u201eZum Verst\u00e4ndnis von Taufe, kirchlichem Unterricht und Kirchengliedschaft in der Evangelisch-methodistischen Kirche\u201c,<\/li>\n<\/ul>\n\n\n\n<ul class=\"wp-block-list\">\n<li>die <a href=\"https:\/\/emk-gottesdienst.org\/besondere-zeiten\/2025\/11\/08\/segen-rituale-uebergaenge\/\" target=\"_blank\" rel=\"noreferrer noopener\">Weiterbildung<\/a> \u201eIm Fall der F\u00e4lle. Segen \u2013 Rituale \u2013 \u00dcberg\u00e4nge\u201c im April 2026.<\/li>\n<\/ul>\n\n\n\n<p>Mitglieder der Fachkommission sind Pastori:innen und Ehrenamtliche der EmK, die von der Regionalkonferenz (fr\u00fcher: Zentralkonferenz) beauftragt wurden, ihre Fachkompetenz an dieser Stelle einzubringen. Die Fachkommission arbeitet dem Bischof der EmK wie der Fachgruppe innere Dienste der Regionalkonferenz (fr\u00fcher: Zentralkonferenz) Deutschland zu.<\/p>\n\n\n\n<p>Mitglieder sind:<br>&#8211; Prof. Dr. Maximian B\u00fchler (Theologische Hochschule Reutlingen),<br>&#8211; Irmingard Gries (OJK, bis M\u00e4rz 2026),<br>&#8211; Dr. Annette Gruschwitz (SJK, Vorsitz),<br>&#8211; Christine Guse (NJK, Schriftf\u00fchrung),<br>&#8211; J\u00f6rg Herrmann (OJK, Beauftragter f\u00fcr Kirchenmusik und Gesangbuch),<br>&#8211; Miriam L\u00fcken (NJK),<br>&#8211; Dr. Thomas Roscher (OJK, Superintendent, Beauftragter f\u00fcr Gottesdienst und Agende),<br>&#8211; David Schwarz (SJK).<\/p>\n\n\n\n<figure class=\"wp-block-image size-large\"><img loading=\"lazy\" decoding=\"async\" width=\"1024\" height=\"442\" src=\"https:\/\/emk-gottesdienst.org\/besondere-zeiten\/wp-content\/uploads\/2026\/02\/FGA_11-2023-1-1024x442.jpeg\" alt=\"die erweiterte Fachgruppe im November 2023\" class=\"wp-image-3398\" srcset=\"https:\/\/emk-gottesdienst.org\/besondere-zeiten\/wp-content\/uploads\/2026\/02\/FGA_11-2023-1-1024x442.jpeg 1024w, https:\/\/emk-gottesdienst.org\/besondere-zeiten\/wp-content\/uploads\/2026\/02\/FGA_11-2023-1-300x129.jpeg 300w, https:\/\/emk-gottesdienst.org\/besondere-zeiten\/wp-content\/uploads\/2026\/02\/FGA_11-2023-1-768x331.jpeg 768w, https:\/\/emk-gottesdienst.org\/besondere-zeiten\/wp-content\/uploads\/2026\/02\/FGA_11-2023-1-1536x663.jpeg 1536w, https:\/\/emk-gottesdienst.org\/besondere-zeiten\/wp-content\/uploads\/2026\/02\/FGA_11-2023-1-2048x883.jpeg 2048w\" sizes=\"auto, (max-width: 1024px) 100vw, 1024px\" \/><\/figure>\n\n\n\n<p>Dar\u00fcber hinaus arbeiten im \u201eForum f\u00fcr Gottesdienst und Agende\u201c an Liturgie und Gottesdienst interessierte Personen aus der EmK mit, die sich verbindlich einbringen und mitdenken. Das Forum trifft sich meist im November jeden Jahres, um aktuelle Themen f\u00fcr Gottesdienst und Agende zu bearbeiten.<\/p>\n\n\n\n<p>Wer Interesse hat mitzuwirken, kann sich mit dem <a href=\"https:\/\/emk-gottesdienst.org\/besondere-zeiten\/mitmachen\/\" data-type=\"page\" data-id=\"2740\">Kontaktformular<\/a> an die Fachkommission wenden. Wir sind gespannt.<\/p>\n\n\n\n<div style=\"height:40px\" aria-hidden=\"true\" class=\"wp-block-spacer\"><\/div>\n\n\n\n<h2 class=\"wp-block-heading\">Weiterf\u00fchrendes<\/h2>\n\n\n\n<p>Vom 13. bis 16. Oktober 2022 fand in Stuttgart das Forum <strong>\u201eTransforming Worship | Gottesdienst ver\u00e4ndert\u201c<\/strong> statt. Etwa siebzig Personen nahmen daran teil, von Estland \u00fcber die Schweiz und Deutschland bis hin zu den Referenten aus England und den USA. Als <a href=\"https:\/\/www.eva-leipzig.de\/product_info.php?info=p5541_Theologie-fuer-die-Praxis---48--Jg---2022\" target=\"_blank\" rel=\"noreferrer noopener\">gedrucktes Heft<\/a> sind Referate und Workshop-Texte des Forums in der Reihe <a href=\"https:\/\/www.transforming-worship.info\" data-type=\"URL\" data-id=\"https:\/\/www.transforming-worship.info\" target=\"_blank\" rel=\"noreferrer noopener\">\u201e<\/a>Theologie f\u00fcr die Praxis<a href=\"https:\/\/www.transforming-worship.info\" data-type=\"URL\" data-id=\"https:\/\/www.transforming-worship.info\" target=\"_blank\" rel=\"noreferrer noopener\">\u201c<\/a> erschienen \u2013 die Reihe wird von der <a href=\"https:\/\/www.th-reutlingen.de\" target=\"_blank\" rel=\"noreferrer noopener\">Theologischen Hochschule Reutlingen<\/a> herausgegeben und ist bei der <a href=\"https:\/\/www.eva-leipzig.de\" target=\"_blank\" rel=\"noreferrer noopener\">Evangelischen Verlagsanstalt Leipzig (EVA)<\/a> erh\u00e4ltlich.<\/p>\n","protected":false},"excerpt":{"rendered":"<p>Die Fachkommission (fr\u00fcher: Fachgruppe) f\u00fcr Gottesdienst und Agende ist im Bereich der Evangelisch-methodistischen Kirche (EmK) in Deutschland daf\u00fcr zust\u00e4ndig, gottesdienstliche Praxis zu reflektieren und neue Formen zu entwickeln.&nbsp;Bis 2022 geschah dies in enger Zusammenarbeit mit der zwischenzeitlich aufgel\u00f6sten Arbeitsgruppe Liturgie der Zentralkonferenz Mittel- und S\u00fcdeuropa. Die Agende, das offizielle Gottesdienstbuch der EmK, wird in ihrer &hellip; <a href=\"https:\/\/emk-gottesdienst.org\/besondere-zeiten\/wer-wir-sind\/\" class=\"more-link\"><span class=\"screen-reader-text\">Wer wir sind<\/span> weiterlesen <span class=\"meta-nav\">&rarr;<\/span><\/a><\/p>\n","protected":false},"author":1,"featured_media":0,"parent":0,"menu_order":0,"comment_status":"closed","ping_status":"closed","template":"","meta":{"_uag_custom_page_level_css":"","footnotes":""},"class_list":["post-1573","page","type-page","status-publish","hentry"],"uagb_featured_image_src":{"full":false,"thumbnail":false,"medium":false,"medium_large":false,"large":false,"1536x1536":false,"2048x2048":false,"post-thumbnail":false},"uagb_author_info":{"display_name":"davids","author_link":"https:\/\/emk-gottesdienst.org\/besondere-zeiten\/author\/davids\/"},"uagb_comment_info":0,"uagb_excerpt":"Die Fachkommission (fr\u00fcher: Fachgruppe) f\u00fcr Gottesdienst und Agende ist im Bereich der Evangelisch-methodistischen Kirche (EmK) in Deutschland daf\u00fcr zust\u00e4ndig, gottesdienstliche Praxis zu reflektieren und neue Formen zu entwickeln.&nbsp;Bis 2022 geschah dies in enger Zusammenarbeit mit der zwischenzeitlich aufgel\u00f6sten Arbeitsgruppe Liturgie der Zentralkonferenz Mittel- und S\u00fcdeuropa. Die Agende, das offizielle Gottesdienstbuch der EmK, wird in ihrer&hellip;","_links":{"self":[{"href":"https:\/\/emk-gottesdienst.org\/besondere-zeiten\/wp-json\/wp\/v2\/pages\/1573","targetHints":{"allow":["GET"]}}],"collection":[{"href":"https:\/\/emk-gottesdienst.org\/besondere-zeiten\/wp-json\/wp\/v2\/pages"}],"about":[{"href":"https:\/\/emk-gottesdienst.org\/besondere-zeiten\/wp-json\/wp\/v2\/types\/page"}],"author":[{"embeddable":true,"href":"https:\/\/emk-gottesdienst.org\/besondere-zeiten\/wp-json\/wp\/v2\/users\/1"}],"replies":[{"embeddable":true,"href":"https:\/\/emk-gottesdienst.org\/besondere-zeiten\/wp-json\/wp\/v2\/comments?post=1573"}],"version-history":[{"count":9,"href":"https:\/\/emk-gottesdienst.org\/besondere-zeiten\/wp-json\/wp\/v2\/pages\/1573\/revisions"}],"predecessor-version":[{"id":3436,"href":"https:\/\/emk-gottesdienst.org\/besondere-zeiten\/wp-json\/wp\/v2\/pages\/1573\/revisions\/3436"}],"wp:attachment":[{"href":"https:\/\/emk-gottesdienst.org\/besondere-zeiten\/wp-json\/wp\/v2\/media?parent=1573"}],"curies":[{"name":"wp","href":"https:\/\/api.w.org\/{rel}","templated":true}]}}