{"id":1680,"date":"2022-03-03T13:13:06","date_gmt":"2022-03-03T12:13:06","guid":{"rendered":"https:\/\/emk-gottesdienst.org\/besondere-zeiten\/?page_id=1680"},"modified":"2026-03-02T13:41:14","modified_gmt":"2026-03-02T12:41:14","slug":"gottesdienst-grundform","status":"publish","type":"page","link":"https:\/\/emk-gottesdienst.org\/besondere-zeiten\/gottesdienst-grundform\/","title":{"rendered":"Grundform des Gottesdienstes"},"content":{"rendered":"\n<p>Auf dieser Seite finden sich grunds\u00e4tzliche Informationen zum Gottesdienst. Um verschiedene Formen des Gottesdienstes anschauen und vergleichen zu k\u00f6nnen, lohnt sich ein Blick auf die <strong>Klickagende<\/strong> und den <strong>Kurzfilm<\/strong>. Die <strong>Leitideen <\/strong>geben Aufschluss \u00fcber die Motive der Gottesdienstreform, die <strong>Erl\u00e4uterungen<\/strong> geben einen tieferen Einblick in die liturgie-wissenschaftlichen Hintergr\u00fcnde.<\/p>\n\n\n\n<p>Zur praktischen Umsetzung bieten wir eine <strong><a href=\"https:\/\/emk-gottesdienst.org\/besondere-zeiten\/gottesdienste\/liederliste\/\" data-type=\"page\" data-id=\"1729\">Liederliste<\/a><\/strong> an, die bei der Planung konkreter Gottesdienste helfen kann.<\/p>\n\n\n\n<hr class=\"wp-block-separator has-text-color has-dark-gray-color has-css-opacity has-dark-gray-background-color has-background is-style-wide\"\/>\n\n\n\n<div class=\"wp-block-media-text alignwide has-media-on-the-right is-stacked-on-mobile\" style=\"grid-template-columns:auto 30%\"><div class=\"wp-block-media-text__content\">\n<p class=\"has-large-font-size\"><strong><a rel=\"noreferrer noopener\" href=\"https:\/\/www.emk-gottesdienst.org\/Klickagende\/Willkommen.htm\" target=\"_blank\">\u00dcbersicht &#8211; Grundformen des Gottesdienstes (&#8222;Klickagende&#8220;)<\/a><\/strong><\/p>\n<\/div><figure class=\"wp-block-media-text__media\"><img loading=\"lazy\" decoding=\"async\" width=\"300\" height=\"289\" src=\"https:\/\/emk-gottesdienst.org\/besondere-zeiten\/wp-content\/uploads\/2022\/03\/Ordnung-1-300x289.jpg\" alt=\"\" class=\"wp-image-1686 size-medium\" srcset=\"https:\/\/emk-gottesdienst.org\/besondere-zeiten\/wp-content\/uploads\/2022\/03\/Ordnung-1-300x289.jpg 300w, https:\/\/emk-gottesdienst.org\/besondere-zeiten\/wp-content\/uploads\/2022\/03\/Ordnung-1.jpg 542w\" sizes=\"auto, (max-width: 300px) 100vw, 300px\" \/><\/figure><\/div>\n\n\n\n<hr class=\"wp-block-separator has-text-color has-dark-gray-color has-css-opacity has-dark-gray-background-color has-background is-style-wide\"\/>\n\n\n\n<div class=\"wp-block-media-text alignwide is-stacked-on-mobile\"><figure class=\"wp-block-media-text__media\"><video controls src=\"https:\/\/emk-gottesdienst.org\/besondere-zeiten\/wp-content\/uploads\/2021\/02\/EmK-Gottesdienste.mp4\"><\/video><\/figure><div class=\"wp-block-media-text__content\">\n<p style=\"font-size:15px\">Methodistische Gottesdienste bestehen aus zwei Hauptteilen: der biblischen Verk\u00fcndigung und der Mahlgemeinschaft. Ihnen f\u00fcgen sich ein Eingangs- und ein Schlussteil an. Daraus ergibt sich eine elementare Gottesdienstform, welche je nach lokaler und regionaler Pr\u00e4gung<br>akzentuiert und erweitert werden kann:<br>(<strong>1) \u201eAnkommen &#8211; Gott bringt uns zusammen\u201c<\/strong><br>Er\u00f6ffnung, Lob und Gebet<br>(<strong>2) \u201eH\u00f6ren &#8211; Gott spricht zu uns\u201c<\/strong><br>Schriftlesungen, Verk\u00fcndigung<br>(<strong>3) \u201eTeilen &#8211; Gott verbindet uns miteinander\u201c<\/strong><br>Mahlfeier (Abendmahl), Sammlung der Gaben und Danksagung,<br>Mitteilen und Anteilnehmen, F\u00fcrbitten und Unser-Vater-Gebet<strong><br>(4) \u201eWeitergehen &#8211; Gott segnet uns\u201c<\/strong><br>Sendung, Segnung<\/p>\n<\/div><\/div>\n\n\n\n<p>Der Film zum methodistischen Gottesdienst ist hier in englischer Sprache zu finden:<br><a href=\"https:\/\/emk-gottesdienst.org\/besondere-zeiten\/wp-content\/uploads\/2021\/02\/UMC-services.mp4\" target=\"_blank\" rel=\"noreferrer noopener\">movie in english<\/a><\/p>\n\n\n\n<hr class=\"wp-block-separator has-text-color has-dark-gray-color has-css-opacity has-dark-gray-background-color has-background is-style-wide\"\/>\n\n\n\n<div data-wp-interactive=\"core\/file\" class=\"wp-block-file alignwide\" id=\"Leitideen\"><object data-wp-bind--hidden=\"!state.hasPdfPreview\" hidden class=\"wp-block-file__embed\" data=\"https:\/\/emk-gottesdienst.org\/besondere-zeiten\/wp-content\/uploads\/2022\/03\/Leitideen-fuer-die-Entwicklung-der-Grundform-des-Gottesdienstes.pdf\" type=\"application\/pdf\" style=\"width:100%;height:600px\" aria-label=\"Einbettung von Leitideen-fuer-die-Entwicklung-der-Grundform-des-Gottesdienstes.\"><\/object><a id=\"wp-block-file--media-20db5c43-0caa-4eae-bfa0-5d6d825d06a4\" href=\"https:\/\/emk-gottesdienst.org\/besondere-zeiten\/wp-content\/uploads\/2022\/03\/Leitideen-fuer-die-Entwicklung-der-Grundform-des-Gottesdienstes.pdf\">Leitideen-fuer-die-Entwicklung-der-Grundform-des-Gottesdienstes<\/a><a href=\"https:\/\/emk-gottesdienst.org\/besondere-zeiten\/wp-content\/uploads\/2022\/03\/Leitideen-fuer-die-Entwicklung-der-Grundform-des-Gottesdienstes.pdf\" class=\"wp-block-file__button wp-element-button\" download aria-describedby=\"wp-block-file--media-20db5c43-0caa-4eae-bfa0-5d6d825d06a4\">Herunterladen<\/a><\/div>\n\n\n\n<hr class=\"wp-block-separator has-text-color has-dark-gray-color has-css-opacity has-dark-gray-background-color has-background is-style-wide\"\/>\n\n\n\n<div data-wp-interactive=\"core\/file\" class=\"wp-block-file alignwide\"><object data-wp-bind--hidden=\"!state.hasPdfPreview\" hidden class=\"wp-block-file__embed\" data=\"https:\/\/emk-gottesdienst.org\/besondere-zeiten\/wp-content\/uploads\/2022\/03\/Erlaeuterungen-zur-Grundform-des-Gottesdienstes.pdf\" type=\"application\/pdf\" style=\"width:100%;height:600px\" aria-label=\"Einbettung von Erlaeuterungen-zur-Grundform-des-Gottesdienstes.\"><\/object><a id=\"wp-block-file--media-50f591aa-b5d6-477f-ba0f-50e01d0bc206\" href=\"https:\/\/emk-gottesdienst.org\/besondere-zeiten\/wp-content\/uploads\/2022\/03\/Erlaeuterungen-zur-Grundform-des-Gottesdienstes.pdf\" target=\"_blank\" rel=\"noreferrer noopener\">Erlaeuterungen-zur-Grundform-des-Gottesdienstes<\/a><a href=\"https:\/\/emk-gottesdienst.org\/besondere-zeiten\/wp-content\/uploads\/2022\/03\/Erlaeuterungen-zur-Grundform-des-Gottesdienstes.pdf\" class=\"wp-block-file__button wp-element-button\" download aria-describedby=\"wp-block-file--media-50f591aa-b5d6-477f-ba0f-50e01d0bc206\">Herunterladen<\/a><\/div>\n\n\n\n<hr class=\"wp-block-separator has-css-opacity is-style-wide\"\/>\n","protected":false},"excerpt":{"rendered":"<p>Auf dieser Seite finden sich grunds\u00e4tzliche Informationen zum Gottesdienst. Um verschiedene Formen des Gottesdienstes anschauen und vergleichen zu k\u00f6nnen, lohnt sich ein Blick auf die Klickagende und den Kurzfilm. Die Leitideen geben Aufschluss \u00fcber die Motive der Gottesdienstreform, die Erl\u00e4uterungen geben einen tieferen Einblick in die liturgie-wissenschaftlichen Hintergr\u00fcnde. Zur praktischen Umsetzung bieten wir eine Liederliste &hellip; <a href=\"https:\/\/emk-gottesdienst.org\/besondere-zeiten\/gottesdienst-grundform\/\" class=\"more-link\"><span class=\"screen-reader-text\">Grundform des Gottesdienstes<\/span> weiterlesen <span class=\"meta-nav\">&rarr;<\/span><\/a><\/p>\n","protected":false},"author":1,"featured_media":0,"parent":0,"menu_order":0,"comment_status":"closed","ping_status":"closed","template":"","meta":{"_uag_custom_page_level_css":"","footnotes":""},"class_list":["post-1680","page","type-page","status-publish","hentry"],"uagb_featured_image_src":{"full":false,"thumbnail":false,"medium":false,"medium_large":false,"large":false,"1536x1536":false,"2048x2048":false,"post-thumbnail":false},"uagb_author_info":{"display_name":"davids","author_link":"https:\/\/emk-gottesdienst.org\/besondere-zeiten\/author\/davids\/"},"uagb_comment_info":0,"uagb_excerpt":"Auf dieser Seite finden sich grunds\u00e4tzliche Informationen zum Gottesdienst. Um verschiedene Formen des Gottesdienstes anschauen und vergleichen zu k\u00f6nnen, lohnt sich ein Blick auf die Klickagende und den Kurzfilm. Die Leitideen geben Aufschluss \u00fcber die Motive der Gottesdienstreform, die Erl\u00e4uterungen geben einen tieferen Einblick in die liturgie-wissenschaftlichen Hintergr\u00fcnde. Zur praktischen Umsetzung bieten wir eine Liederliste&hellip;","_links":{"self":[{"href":"https:\/\/emk-gottesdienst.org\/besondere-zeiten\/wp-json\/wp\/v2\/pages\/1680","targetHints":{"allow":["GET"]}}],"collection":[{"href":"https:\/\/emk-gottesdienst.org\/besondere-zeiten\/wp-json\/wp\/v2\/pages"}],"about":[{"href":"https:\/\/emk-gottesdienst.org\/besondere-zeiten\/wp-json\/wp\/v2\/types\/page"}],"author":[{"embeddable":true,"href":"https:\/\/emk-gottesdienst.org\/besondere-zeiten\/wp-json\/wp\/v2\/users\/1"}],"replies":[{"embeddable":true,"href":"https:\/\/emk-gottesdienst.org\/besondere-zeiten\/wp-json\/wp\/v2\/comments?post=1680"}],"version-history":[{"count":10,"href":"https:\/\/emk-gottesdienst.org\/besondere-zeiten\/wp-json\/wp\/v2\/pages\/1680\/revisions"}],"predecessor-version":[{"id":3526,"href":"https:\/\/emk-gottesdienst.org\/besondere-zeiten\/wp-json\/wp\/v2\/pages\/1680\/revisions\/3526"}],"wp:attachment":[{"href":"https:\/\/emk-gottesdienst.org\/besondere-zeiten\/wp-json\/wp\/v2\/media?parent=1680"}],"curies":[{"name":"wp","href":"https:\/\/api.w.org\/{rel}","templated":true}]}}