{"id":3592,"date":"2026-04-17T16:16:55","date_gmt":"2026-04-17T14:16:55","guid":{"rendered":"https:\/\/emk-gottesdienst.org\/besondere-zeiten\/?page_id=3592"},"modified":"2026-04-17T16:23:49","modified_gmt":"2026-04-17T14:23:49","slug":"fuerbittgebet","status":"publish","type":"page","link":"https:\/\/emk-gottesdienst.org\/besondere-zeiten\/fuerbittgebet\/","title":{"rendered":"F\u00fcrbittgebet"},"content":{"rendered":"\n<h2 class=\"wp-block-heading has-text-align-center\">Gebet anl\u00e4sslich des vierten Jahrestages<br>des Angriffskrieges auf die Ukraine<\/h2>\n\n\n\n<div class=\"wp-block-media-text is-stacked-on-mobile\"><figure class=\"wp-block-media-text__media\"><a href=\"https:\/\/www.leuenberg.eu\/de\/2026\/01\/28\/gebet-anlaesslich-des-vierten-jahrestages-des-angriffskrieges-auf-die-ukraine\/\" target=\"_blank\" rel=\" noreferrer noopener\"><img loading=\"lazy\" decoding=\"async\" width=\"980\" height=\"641\" src=\"https:\/\/emk-gottesdienst.org\/besondere-zeiten\/wp-content\/uploads\/2026\/01\/ukraine-foto-980x641-1.jpeg\" alt=\"\" class=\"wp-image-3278 size-full\" srcset=\"https:\/\/emk-gottesdienst.org\/besondere-zeiten\/wp-content\/uploads\/2026\/01\/ukraine-foto-980x641-1.jpeg 980w, https:\/\/emk-gottesdienst.org\/besondere-zeiten\/wp-content\/uploads\/2026\/01\/ukraine-foto-980x641-1-300x196.jpeg 300w, https:\/\/emk-gottesdienst.org\/besondere-zeiten\/wp-content\/uploads\/2026\/01\/ukraine-foto-980x641-1-768x502.jpeg 768w\" sizes=\"auto, (max-width: 980px) 100vw, 980px\" \/><\/a><\/figure><div class=\"wp-block-media-text__content\">\n<p>Am 24. Februar j\u00e4hrte sich zum 4. Mal<br>der Angriff russischer Truppen auf die Ukraine.<br>Die Gemeinschaft Evangelischer Kirchen in Europa (<a href=\"https:\/\/www.leuenberg.eu\" target=\"_blank\" rel=\"noreferrer noopener\">GEKE<\/a>) hat aus diesem Anlass ein <a href=\"https:\/\/www.leuenberg.eu\/de\/2026\/01\/28\/gebet-anlaesslich-des-vierten-jahrestages-des-angriffskrieges-auf-die-ukraine\/\" target=\"_blank\" rel=\"noreferrer noopener\">F\u00fcrbittgebet<\/a> ver\u00f6ffentlicht. Das Gebet kommt von der Fachkommission f\u00fcr Gottesdienst und Agende der EmK.<\/p>\n<\/div><\/div>\n","protected":false},"excerpt":{"rendered":"<p>Gebet anl\u00e4sslich des vierten Jahrestagesdes Angriffskrieges auf die Ukraine Am 24. Februar j\u00e4hrte sich zum 4. Malder Angriff russischer Truppen auf die Ukraine.Die Gemeinschaft Evangelischer Kirchen in Europa (GEKE) hat aus diesem Anlass ein F\u00fcrbittgebet ver\u00f6ffentlicht. Das Gebet kommt von der Fachkommission f\u00fcr Gottesdienst und Agende der EmK.<\/p>\n","protected":false},"author":4,"featured_media":0,"parent":0,"menu_order":0,"comment_status":"closed","ping_status":"closed","template":"","meta":{"_uag_custom_page_level_css":"","footnotes":""},"class_list":["post-3592","page","type-page","status-publish","hentry"],"uagb_featured_image_src":{"full":false,"thumbnail":false,"medium":false,"medium_large":false,"large":false,"1536x1536":false,"2048x2048":false,"post-thumbnail":false},"uagb_author_info":{"display_name":"jh","author_link":"https:\/\/emk-gottesdienst.org\/besondere-zeiten\/author\/joerg\/"},"uagb_comment_info":0,"uagb_excerpt":"Gebet anl\u00e4sslich des vierten Jahrestagesdes Angriffskrieges auf die Ukraine Am 24. Februar j\u00e4hrte sich zum 4. Malder Angriff russischer Truppen auf die Ukraine.Die Gemeinschaft Evangelischer Kirchen in Europa (GEKE) hat aus diesem Anlass ein F\u00fcrbittgebet ver\u00f6ffentlicht. Das Gebet kommt von der Fachkommission f\u00fcr Gottesdienst und Agende der EmK.","_links":{"self":[{"href":"https:\/\/emk-gottesdienst.org\/besondere-zeiten\/wp-json\/wp\/v2\/pages\/3592","targetHints":{"allow":["GET"]}}],"collection":[{"href":"https:\/\/emk-gottesdienst.org\/besondere-zeiten\/wp-json\/wp\/v2\/pages"}],"about":[{"href":"https:\/\/emk-gottesdienst.org\/besondere-zeiten\/wp-json\/wp\/v2\/types\/page"}],"author":[{"embeddable":true,"href":"https:\/\/emk-gottesdienst.org\/besondere-zeiten\/wp-json\/wp\/v2\/users\/4"}],"replies":[{"embeddable":true,"href":"https:\/\/emk-gottesdienst.org\/besondere-zeiten\/wp-json\/wp\/v2\/comments?post=3592"}],"version-history":[{"count":3,"href":"https:\/\/emk-gottesdienst.org\/besondere-zeiten\/wp-json\/wp\/v2\/pages\/3592\/revisions"}],"predecessor-version":[{"id":3595,"href":"https:\/\/emk-gottesdienst.org\/besondere-zeiten\/wp-json\/wp\/v2\/pages\/3592\/revisions\/3595"}],"wp:attachment":[{"href":"https:\/\/emk-gottesdienst.org\/besondere-zeiten\/wp-json\/wp\/v2\/media?parent=3592"}],"curies":[{"name":"wp","href":"https:\/\/api.w.org\/{rel}","templated":true}]}}