{"id":476,"date":"2020-11-09T16:47:34","date_gmt":"2020-11-09T15:47:34","guid":{"rendered":"http:\/\/emk-gottesdienst.org\/besondere-zeiten\/?page_id=476"},"modified":"2026-02-24T18:01:03","modified_gmt":"2026-02-24T17:01:03","slug":"abendmahl","status":"publish","type":"page","link":"https:\/\/emk-gottesdienst.org\/besondere-zeiten\/abendmahl\/","title":{"rendered":"Abendmahl"},"content":{"rendered":"\n<p>Einzelne Formulare f\u00fcr den Gottesdienst finden sich ganz unten auf der Seite.<\/p>\n\n\n\n<figure class=\"wp-block-image size-large\"><img loading=\"lazy\" decoding=\"async\" width=\"960\" height=\"472\" src=\"http:\/\/emk-gottesdienst.org\/besondere-zeiten\/wp-content\/uploads\/2021\/02\/Brotbrechen.png\" alt=\"\" class=\"wp-image-1016\" srcset=\"https:\/\/emk-gottesdienst.org\/besondere-zeiten\/wp-content\/uploads\/2021\/02\/Brotbrechen.png 960w, https:\/\/emk-gottesdienst.org\/besondere-zeiten\/wp-content\/uploads\/2021\/02\/Brotbrechen-300x148.png 300w, https:\/\/emk-gottesdienst.org\/besondere-zeiten\/wp-content\/uploads\/2021\/02\/Brotbrechen-768x378.png 768w\" sizes=\"auto, (max-width: 960px) 100vw, 960px\" \/><\/figure>\n\n\n\n<div data-wp-interactive=\"core\/file\" class=\"wp-block-file\"><object data-wp-bind--hidden=\"!state.hasPdfPreview\" hidden class=\"wp-block-file__embed\" data=\"https:\/\/emk-gottesdienst.org\/besondere-zeiten\/wp-content\/uploads\/2021\/02\/EmK-\u00b7-Erlaeuterungen-zur-Mahlfeier.pdf\" type=\"application\/pdf\" style=\"width:100%;height:300px\" aria-label=\"Einbettung von EmK \u00b7 Erl\u00e4uterungen zur Mahlfeier.\"><\/object><a id=\"wp-block-file--media-91a25142-664e-4da4-9d7d-5a93b09d319c\" href=\"https:\/\/emk-gottesdienst.org\/besondere-zeiten\/wp-content\/uploads\/2021\/02\/EmK-\u00b7-Erlaeuterungen-zur-Mahlfeier.pdf\">EmK \u00b7 Erl\u00e4uterungen zur Mahlfeier<\/a><a href=\"https:\/\/emk-gottesdienst.org\/besondere-zeiten\/wp-content\/uploads\/2021\/02\/EmK-\u00b7-Erlaeuterungen-zur-Mahlfeier.pdf\" class=\"wp-block-file__button wp-element-button\" download aria-describedby=\"wp-block-file--media-91a25142-664e-4da4-9d7d-5a93b09d319c\">Herunterladen<\/a><\/div>\n\n\n\n<figure class=\"wp-block-image size-large is-resized\"><img loading=\"lazy\" decoding=\"async\" width=\"297\" height=\"210\" src=\"https:\/\/emk-gottesdienst.org\/besondere-zeiten\/wp-content\/uploads\/2020\/11\/Syntax_der_Mahlfeier.svg\" alt=\"\" class=\"wp-image-664\" style=\"width:1123px\"\/><\/figure>\n\n\n\n<div class=\"wp-block-file\"><a id=\"wp-block-file--media-f8fdf0c2-b672-43b6-8482-0cf66cca175d\" href=\"https:\/\/emk-gottesdienst.org\/besondere-zeiten\/wp-content\/uploads\/2020\/11\/Syntax_der_Mahlfeier.pdf\">Syntax der Mahlfeier<\/a><a href=\"https:\/\/emk-gottesdienst.org\/besondere-zeiten\/wp-content\/uploads\/2020\/11\/Syntax_der_Mahlfeier.pdf\" class=\"wp-block-file__button wp-element-button\" download aria-describedby=\"wp-block-file--media-f8fdf0c2-b672-43b6-8482-0cf66cca175d\">Herunterladen<\/a><\/div>\n\n\n\n<figure class=\"wp-block-table alignwide is-style-stripes\"><table class=\"has-fixed-layout\"><thead><tr><th class=\"has-text-align-left\" data-align=\"left\"><strong>Syntax<\/strong><\/th><th class=\"has-text-align-left\" data-align=\"left\"><strong>gek\u00fcrzt nach EM 772<\/strong><\/th><th><strong>Basissprache: Sch\u00f6pfung<\/strong><\/th><th><strong><strong>Elementare sprache <\/strong><\/strong><\/th><th><strong>Angelehnt an Einfache Sprache<\/strong><\/th><\/tr><\/thead><tbody><tr><td class=\"has-text-align-left\" data-align=\"left\">[ \u00f7&nbsp;&nbsp; Friedensgru\u00df ] <strong>&nbsp;<\/strong><\/td><td class=\"has-text-align-left\" data-align=\"left\">&nbsp;<\/td><td>&nbsp;<\/td><td>&nbsp;<\/td><td>&nbsp;<\/td><\/tr><tr><td class=\"has-text-align-left\" data-align=\"left\"><strong>Gabenbereitung und Sammlung der Geldgaben (Kollekte)<\/strong><\/td><td class=\"has-text-align-left\" data-align=\"left\"><\/td><td><\/td><td><\/td><td><\/td><\/tr><tr><td class=\"has-text-align-left\" data-align=\"left\">Das Dankopfer wird in Form einer freiwilligen Geldkollekte gesammelt. Dazu wird ein Gabenlied gesungen. W\u00e4hrenddessen werden die Gaben f\u00fcr die Mahlfeier vorbereitet.<\/td><td class=\"has-text-align-left\" data-align=\"left\">L  Als vers\u00f6hnte Menschen geben wir uns und unsere Gaben Gott.<br><br>G  Dankopferlied <br>(z.B. EM 525, 1-3)<\/td><td>&nbsp;L  Als vers\u00f6hnte Menschen geben wir uns und unsere Gaben Gott.<br><br>G  Dankopferlied<br>(z.B. EM 525, 1-3)<\/td><td>L  Gott liebt uns<br>und beschenkt uns reich. Das ber\u00fchrt unser Herz. So k\u00f6nnen wir etwas von dem verschenken,<br>was wir selbst haben.<\/td><td>L  Gott liebt uns<br>und beschenkt uns reich.<br>Das ber\u00fchrt unser Herz.<br>Dankbar k\u00f6nnen wir auch unser Geld teilen.<br><br><\/td><\/tr><tr><td class=\"has-text-align-left\" data-align=\"left\">&nbsp;<strong>Tischsegen (\u201eHochgebet\u201c)<\/strong> &nbsp;<\/td><td class=\"has-text-align-left\" data-align=\"left\">&nbsp;<\/td><td>&nbsp;<\/td><td>&nbsp;<\/td><td>&nbsp;<\/td><\/tr><tr><td class=\"has-text-align-left\" data-align=\"left\">[ Segensgru\u00df und Aufforderung (Pr\u00e4fation) ]<\/td><td class=\"has-text-align-left\" data-align=\"left\">L Der Herr sei mit euch. <br>G Und auch mit dir.<\/td><td>L Der Ewige ist mit euch. <br>G Und auch mit dir. &nbsp;<\/td><td>L Gott unser Vater sei mit euch <br>G und auch mit dir.<\/td><td>L Gott sei mit euch <br>G und auch mit dir.<\/td><\/tr><tr><td class=\"has-text-align-left\" data-align=\"left\">&nbsp;Anrede (Anaklese)<\/td><td class=\"has-text-align-left\" data-align=\"left\">L Erhebt eure Herzen. G Wir erheben sie zum Herrn. <br>L Lasst uns Dank sagen dem Herrn, &nbsp;unserem Gott. <br>G Es ist w\u00fcrdig und recht, &nbsp;Lob und Dank darzubringen.<\/td><td>L \u00d6ffnet eure Herzen. <br>G Unsere Herzen sind offen f\u00fcr Gott. <br>L Lasst uns dem Ewigen danken. <br>G Gott zu danken ist w\u00fcrdig und recht. <\/td><td>L \u00d6ffnet eure Herzen. <br>G Unsere Herzen sind offen f\u00fcr Gott. <br>L Lasst uns Gott danken. &nbsp; <br>G Ja, das wollen wir gerne tun!<\/td><td>L \u00d6ffnet eure Herzen. <br>G Unsere Herzen sind offen f\u00fcr Gott. <br>L Lasst uns Gott danken. &nbsp;<br>G Das wollen wir gerne tun!<\/td><\/tr><tr><td class=\"has-text-align-left\" data-align=\"left\"><strong>dank<\/strong>ende Erinnerung (<strong>Anamnese<\/strong>) &nbsp;<br>&#8211; d. Handeln d. dreieinig. Gottes in d. Geschichte (Proprium)<\/td><td class=\"has-text-align-left\" data-align=\"left\">L &nbsp;In Wahrheit ist es w\u00fcrdig und &nbsp;recht, dir, heiliger Gott, &nbsp;immer und \u00fcberall zu danken. <br>Du bist der Sch\u00f6pfer &nbsp;des Himmels und der Erde. &nbsp;Du hast uns nach deinem Bild &nbsp;geschaffen und uns den Atem &nbsp;des Lebens eingehaucht. &nbsp;Darum preisen wir deinen Namen &nbsp;mit deinem Volk hier auf Erden &nbsp;und allen himmlischen &nbsp;Heerscharen und stimmen ein &nbsp;in ihren immerw\u00e4hrenden &nbsp;Lobpreis:<\/td><td>L In Wahrheit ist es w\u00fcrdig und recht, &nbsp;dir, ewiger Gott, immer und \u00fcberall &nbsp;zu danken, auch jetzt in dieser &nbsp;Stunde. Du entfaltest das &nbsp;Universum und l\u00e4sst die Sterne &nbsp;aufleuchten. Mutter Erde hast du &nbsp;geformt, damit sie Leben &nbsp;hervorbringt. Wir Menschen traten &nbsp;aus der Welt der Tiere hervor, &nbsp;geschaffen als dein Ebenbild. Du &nbsp;hast uns Verantwortung f\u00fcr deine &nbsp;Sch\u00f6pfung anvertraut. Als wir &nbsp;deinen Gesch\u00f6pfen Gewalt antaten, &nbsp;sandest du Boten, die uns vor den &nbsp;Folgen warnten. Nach Kriegen und &nbsp;Katstrophen hast du wieder Fr\u00fcchte &nbsp;wachsen lassen und Erntesegen &nbsp;geschenkt. Durch die Auferstehung &nbsp;von Jesus Christus hast du gezeigt, &nbsp;dass du v\u00f6llig Neues schaffst und &nbsp;eine Zukunft f\u00fcr alle bereith\u00e4ltst. &nbsp;Darum ehren wir dich gemeinsam &nbsp;mit allen Lebewesen und stimmen &nbsp;ein in ihr Loblied:<\/td><td>L Du bist gro\u00df, Gott,<br>und wir wollen dir immer danken.<br><br>Du hast die ganze Welt gemacht \u2013<br>Himmel und Erde.<br>Du hast uns Menschen erschaffen.<br>Von Anfang an liebst du uns<br>bis zum heutigen Tag.<br>Darum jubeln wir<br>mit allen Engeln<br>und mit allen Menschen,<br>die schon vor uns lebten,<br>und singen: <\/td><td>L Du bist gro\u00df, Gott,<br>und wir wollen dir immer danken.<br><br>Du hast die ganze Welt gemacht \u2013<br>Himmel und Erde.<br>Du hast uns Menschen erschaffen.<br>Von Anfang an liebst du uns<br>bis heute.<br>Darum jubeln wir<br>mit den Engeln<br>und mit allen,<br>die vor uns glaubten,<br>und singen: &nbsp;<\/td><\/tr><tr><td class=\"has-text-align-left\" data-align=\"left\"><strong>&nbsp;<\/strong>[ &#8211; Besingen der Heiligkeit Gottes (Sanctus) ]<\/td><td class=\"has-text-align-left\" data-align=\"left\">G&nbsp; Heilig, heilig, heilig | EM 472 &nbsp; L Ja, heilig bist du und gesegnet &nbsp;ist dein Sohn Jesus Christus. &nbsp;Er heilte die Kranken, speiste &nbsp;die Hungrigen und a\u00df &nbsp;mit den S\u00fcndern. &nbsp;Durch sein Leiden, Sterben &nbsp;und Auferstehen hast du &nbsp;deine Kirche ins Leben gerufen. &nbsp; &nbsp; &nbsp; &nbsp;<\/td><td>A Lied: Heilig, heilig, heilig&#8230; &nbsp;(EM Nr. 470 \u2013 474) &nbsp; &nbsp; &nbsp;<\/td><td>G EM472 \u201eHeilig\u201c<br>oder himmelweit 5 \u201eDu bist heilig\u201c oder \u2026 L Du bist gro\u00df und heilig, guter Gott.<br>F\u00fcr Jesus danken wir dir.<br>Er heilte die Kranken.<br>Er half den Armen.<br>Er a\u00df mit denen, die sonst niemand mochte.<br>Er will bis heute mit Menschen zusammen am Tisch sein.<br>Er will bis heute Menschen st\u00e4rken<br>\u00fcber das hinaus, was sie selbst k\u00f6nnen.<br>Wie damals:<\/td><td>L Du bist gro\u00df und heilig, guter Gott.<br>Wir danken dir f\u00fcr Jesus.<br>Er heilte die Kranken.<br>Er half den Armen.<br>Er a\u00df mit denen, die niemand mochte.<br>Bis heute will er mit Menschen zusammen am Tisch sein.<br>Bis heute will er Menschen st\u00e4rken<br>\u00fcber das hinaus, was sie selbst k\u00f6nnen.<br>So wie damals:<br><\/td><\/tr><tr><td class=\"has-text-align-left\" data-align=\"left\"><strong>&nbsp;<\/strong>&nbsp; &#8211; Einsetzungsbericht (Institutio) &nbsp; &nbsp; &nbsp; &nbsp; &nbsp; &nbsp; &nbsp; &nbsp; &nbsp; &nbsp; &nbsp; &nbsp; &nbsp;<\/td><td class=\"has-text-align-left\" data-align=\"left\">&nbsp;In der Nacht, als der Herr Jesus &nbsp;verraten wurde, nahm er das Brot, &nbsp;dankte, brach es und sprach: &nbsp;Nehmt und esst, das ist mein &nbsp;Leib, der f\u00fcr euch gegeben wird; &nbsp;das tut zu meinem Ged\u00e4chtnis. Desgleichen nahm er auch den Kelch nach dem Mahl &nbsp;und sprach: &nbsp;Dieser Kelch ist der neue Bund &nbsp;in meinem Blut; das tut, &nbsp;sooft ihr daraus trinkt, &nbsp;zu meinem Ged\u00e4chtnis. &nbsp; &nbsp;<\/td><td>L In der Nacht, als der Herr Jesus &nbsp;verraten wurde, nahm er das Brot, &nbsp;dankte, brach es und sprach: &nbsp;Nehmt und esst, das ist mein Leib, &nbsp;der f\u00fcr euch gegeben wird; das tut &nbsp;zu meinem Ged\u00e4chtnis. &nbsp;Desgleichen nahm er auch den &nbsp;Kelch nach dem Mahl und sprach: &nbsp;Dieser Kelch ist der neue Bund in &nbsp;meinem Blut; das tut, sooft ihr &nbsp;daraus trinkt, zu meinem &nbsp;Ged\u00e4chtnis. &nbsp; &nbsp; &nbsp;<\/td><td><br>In der Nacht\u2026<br><br><br><\/td><td>In der Nacht,<br>in der Jesus verraten wurde,<br>nahm er das Brot.<br>Er sprach das Dankgebet,<br>brach das Brot in St\u00fccke und sagte: \u00bbDas ist mein Leib f\u00fcr euch. Tut das immer wieder zur Erinnerung an mich!\u00ab Nach dem Essen nahm Jesus den Becher und sagte:<br>\u00bbDieser Becher steht f\u00fcr den neuen Bund, den Gott mit den Menschen schlie\u00dft. Er kommt zustande durch mein Blut. Tut das immer wieder,<br>sooft ihr aus dem Becher trinkt,<br>zur Erinnerung an mich!\u00ab<\/td><\/tr><tr><td class=\"has-text-align-left\" data-align=\"left\"><strong>&nbsp;Bitte<\/strong> um Heiligung von Gemeinschaft und Gaben (<strong>Epiklese<\/strong>)<\/td><td class=\"has-text-align-left\" data-align=\"left\">So bitten wir:<br>Gie\u00dfe deinen Heiligen Geist &nbsp;\u00fcber uns aus, die wir hier &nbsp;versammelt sind, und \u00fcber diese &nbsp;Gaben, damit das Brot uns zum &nbsp;Brot des Lebens und der Kelch &nbsp;uns zum Kelch des Heils wird. &nbsp;Mache uns eins mit Christus, &nbsp;eins miteinander und eins &nbsp;im Dienst f\u00fcr die Welt, bis &nbsp;Christus kommt und wir an &nbsp;seinem himmlischen Festmahl &nbsp;teilnehmen. &nbsp;<\/td><td>So bitten wir:<br>Sende deinen Heiligen Geist. Er &nbsp;wird uns verwandeln, wie er diese &nbsp;Gaben verwandelt: Das Brot wird &nbsp;zum Brot des Lebens. Der Kelch &nbsp;wird zum Kelch des Gl\u00fccks. Wir &nbsp;werden zur Gemeinschaft erl\u00f6ster &nbsp;Menschen. &nbsp;Geist Gottes, verbinde uns mit &nbsp;Christus. Verbinde uns &nbsp;untereinander. Verbinde uns mit der &nbsp;Sch\u00f6pfung. So dienen wir der Welt &nbsp;bis Christus sichtbar wiederkommt. &nbsp;Dann l\u00e4dt er uns zum Festmahl ein &nbsp;in Gottes neuer Welt. &nbsp;<\/td><td>Wir bitten dich:<br>Gott unser Vater!<br>Sende du deinen Heiligen Geist<br>auf das Brot und den Saft\/Wein<br>und auf uns.<br>Dann wird das Brot f\u00fcr uns<br>zum Brot des Lebens<br>und der Kelch f\u00fcr uns zum Kelch des Heils.<br>Lass uns, wenn wir gemeinsam essen und&nbsp;trinken, tiefe Gemeinschaft erfahren:<br>untereinander und mit dir.<\/td><td>Wir bitten dich:<br>Ewiger Gott\/ Himmlischer Vater!<br>Sende aus deinen Heiligen Geist:<br>Dann gibt das Brot uns Lebenskraft.<br>Dann zeigt uns der Becher deine Liebe.<br>Dann erfahren wir beim Essen und Trinken<br>tiefe Gemeinschaft<br>untereinander und mit dir.<\/td><\/tr><tr><td class=\"has-text-align-left\" data-align=\"left\"><strong>&nbsp;<\/strong>Schlusslob (Doxologie)<\/td><td class=\"has-text-align-left\" data-align=\"left\">&nbsp;<\/td><td>Heute und immer ehren wir dich, Ewiger, durch Christus. Sein Geist &nbsp;f\u00fchrt alles Geschaffene zur &nbsp;Vollendung. &nbsp;<\/td><td>L Gott unser Vater!<br>Jesus Christus!<br>Heiliger Geist!<br>Wir jubeln dir zu \u2013 jetzt und immer. G Lied (noch zu w\u00e4hlen,<br>z.B. EM 24 \u201eDir, Gott, sei die Ehre\u201c)<\/td><td>L Gott unser Vater!<br>Jesus Christus!<br>Heiliger Geist!<br>Wir jubeln dir zu \u2013 jetzt und immer. G Lied (noch zu w\u00e4hlen,<br>z.B. EM 24 \u201eDir, Gott, sei die Ehre\u201c)<\/td><\/tr><tr><td class=\"has-text-align-left\" data-align=\"left\">&nbsp;[ Bekr\u00e4ftigung (Akklamatio) \u201eGro\u00df ist das Geheimnis des Glaubens:\u201c<\/td><td class=\"has-text-align-left\" data-align=\"left\">L&nbsp; Durch deinen Sohn, Jesus Christus, im Heiligen Geist sei dir, allm\u00e4chtiger Vater, Ruhm und Ehre jetzt und allezeit. G&nbsp; Ehre sei Gott in der H\u00f6he | EM 460 &nbsp;<\/td><td>A Christus ist gestorben, Christus ist &nbsp;auferstanden, Christus wird &nbsp;wiederkommen. oder gesungen &nbsp;EM Nr. 478<\/td><td>L Mit anderen Christinnen und Christen glauben&nbsp;wir: <br>G Christus ist gestorben,<br>Christus ist auferstanden,<br>Christus wird wiederkommen.<\/td><td>L Auch wenn wir es nicht ganz verstehen \u2013 mit anderen Christinnen und Christen glauben&nbsp;wir: <br>G Christus ist gestorben,<br>Christus ist auferstanden,<br>Christus wird wiederkommen.<\/td><\/tr><tr><td class=\"has-text-align-left\" data-align=\"left\">&nbsp;<em>Jesus Christus l\u00e4dt <strong><u>alle<\/u><\/strong> ein, die ihm begegnen wollen, sich an seinem Tisch zu versammeln und das gesegnete Brot und den gesegneten Kelch miteinander zu teilen. F\u00fcr die Kinder und alle, die es w\u00fcnschen, wird Traubensaft gereicht.<\/em><\/td><td class=\"has-text-align-left\" data-align=\"left\">&nbsp;<\/td><td>&nbsp;<\/td><td>&nbsp;<\/td><td>&nbsp;<\/td><\/tr><tr><td class=\"has-text-align-left\" data-align=\"left\"><strong>&nbsp;Tischgemeinschaft<\/strong> [ Tischgesang ] &nbsp;<\/td><td class=\"has-text-align-left\" data-align=\"left\">[ \u201eChriste, du Lamm Gottes\u201c, \u201eMeine Hoffnung und meine Freude\u201c o.\u00e4. \u00f7&nbsp;&nbsp;&nbsp;&nbsp; Stille ]<\/td><td>&nbsp;<\/td><td>&nbsp;<\/td><td>&nbsp;<\/td><\/tr><tr><td class=\"has-text-align-left\" data-align=\"left\">[ \u00f7&nbsp;&nbsp; Friedensgru\u00df ] <strong>&nbsp;<\/strong><br><strong>Dankgebet<\/strong> [ mit eschatologischem Ausblick ]<\/td><td class=\"has-text-align-left\" data-align=\"left\">L&nbsp; Ewiger Gott, wir sagen dir Dank f\u00fcr dieses heilige Geheimnis, in dem du dich selbst uns gegeben hast. Gib, dass wir in der Kraft deines Geistes hinausgehen in die Welt, um uns selbst f\u00fcr andere hinzugeben. Im Namen Jesu Christi, unseres Herrn. Amen.<\/td><td>L Ewiger Gott, wir danken dir. Mit dem Brot und dem Kelch hast du selbst dich gegeben. Aus diesem Geheimnis sch\u00f6pfen wir Kraft. Wir gehen weiter und geben uns hin f\u00fcr das Leben. Wir \u00fcbernehmen Verantwortung f\u00fcr deine Sch\u00f6pfung. Wir folgen Jesus Christus. Amen. &nbsp;<\/td><td><em>&nbsp;<\/em><\/td><td>L Guter Gott,<br>Danke f\u00fcr das Brot.<br>Es s\u00e4ttigt uns.<br>Danke f\u00fcr den Wein\/Saft.<br>Er macht uns froh.<br>Danke f\u00fcr dich.<br>Du bist unsere Kraft.<br>Du gehst mit uns.<br>Lass uns mit dir gehen.<br>Amen.<em><\/em><\/td><\/tr><\/tbody><\/table><\/figure>\n\n\n\n<div data-wp-interactive=\"core\/file\" class=\"wp-block-file\"><object data-wp-bind--hidden=\"!state.hasPdfPreview\" hidden class=\"wp-block-file__embed\" data=\"https:\/\/emk-gottesdienst.org\/besondere-zeiten\/wp-content\/uploads\/2025\/10\/Mahlfeier-1.pdf\" type=\"application\/pdf\" style=\"width:100%;height:300px\" aria-label=\"Einbettung von Mahlfeier 1.pdf.\"><\/object><a id=\"wp-block-file--media-1c8f2982-d8ed-4286-b8ee-6d168516b94b\" href=\"https:\/\/emk-gottesdienst.org\/besondere-zeiten\/wp-content\/uploads\/2025\/10\/Mahlfeier-1.pdf\">Mahlfeier 1.pdf<\/a><a href=\"https:\/\/emk-gottesdienst.org\/besondere-zeiten\/wp-content\/uploads\/2025\/10\/Mahlfeier-1.pdf\" class=\"wp-block-file__button wp-element-button\" download aria-describedby=\"wp-block-file--media-1c8f2982-d8ed-4286-b8ee-6d168516b94b\">Herunterladen<\/a><\/div>\n\n\n\n<div class=\"wp-block-file\"><a id=\"wp-block-file--media-829b6b32-f99e-4a83-bb1f-ec96ca00da5e\" href=\"https:\/\/emk-gottesdienst.org\/besondere-zeiten\/wp-content\/uploads\/2025\/10\/Mahlfeier-1.docx\">Mahlfeier 1.docx<\/a><a href=\"https:\/\/emk-gottesdienst.org\/besondere-zeiten\/wp-content\/uploads\/2025\/10\/Mahlfeier-1.docx\" class=\"wp-block-file__button wp-element-button\" download aria-describedby=\"wp-block-file--media-829b6b32-f99e-4a83-bb1f-ec96ca00da5e\">Herunterladen<\/a><\/div>\n\n\n\n<div style=\"height:50px\" aria-hidden=\"true\" class=\"wp-block-spacer\"><\/div>\n\n\n\n<div class=\"wp-block-file\"><a id=\"wp-block-file--media-c8d5e33e-aae0-4c05-bece-a66feaf621c3\" href=\"https:\/\/emk-gottesdienst.org\/besondere-zeiten\/wp-content\/uploads\/2025\/10\/Mahlfeier-2.pdf\">Mahlfeier 2.pdf<\/a><a href=\"https:\/\/emk-gottesdienst.org\/besondere-zeiten\/wp-content\/uploads\/2025\/10\/Mahlfeier-2.pdf\" class=\"wp-block-file__button wp-element-button\" download aria-describedby=\"wp-block-file--media-c8d5e33e-aae0-4c05-bece-a66feaf621c3\">Herunterladen<\/a><\/div>\n\n\n\n<div class=\"wp-block-file\"><a id=\"wp-block-file--media-590e656f-e5c8-4caa-80c3-8f7f372ed8b0\" href=\"https:\/\/emk-gottesdienst.org\/besondere-zeiten\/wp-content\/uploads\/2025\/10\/Mahlfeier-2.docx\">Mahlfeier 2.docx<\/a><a href=\"https:\/\/emk-gottesdienst.org\/besondere-zeiten\/wp-content\/uploads\/2025\/10\/Mahlfeier-2.docx\" class=\"wp-block-file__button wp-element-button\" download aria-describedby=\"wp-block-file--media-590e656f-e5c8-4caa-80c3-8f7f372ed8b0\">Herunterladen<\/a><\/div>\n\n\n\n<div style=\"height:50px\" aria-hidden=\"true\" class=\"wp-block-spacer\"><\/div>\n\n\n\n<div class=\"wp-block-file\"><a id=\"wp-block-file--media-69555194-9518-4c54-8e01-a04f45e3ef3d\" href=\"https:\/\/emk-gottesdienst.org\/besondere-zeiten\/wp-content\/uploads\/2025\/10\/Mahlfeier-3.pdf\">Mahlfeier 3.pdf<\/a><a href=\"https:\/\/emk-gottesdienst.org\/besondere-zeiten\/wp-content\/uploads\/2025\/10\/Mahlfeier-3.pdf\" class=\"wp-block-file__button wp-element-button\" download aria-describedby=\"wp-block-file--media-69555194-9518-4c54-8e01-a04f45e3ef3d\">Herunterladen<\/a><\/div>\n\n\n\n<div class=\"wp-block-file\"><a id=\"wp-block-file--media-69f29e94-42fc-45f9-b807-c353b37a617d\" href=\"https:\/\/emk-gottesdienst.org\/besondere-zeiten\/wp-content\/uploads\/2025\/10\/Mahlfeier-3.docx\">Mahlfeier 3.docx<\/a><a href=\"https:\/\/emk-gottesdienst.org\/besondere-zeiten\/wp-content\/uploads\/2025\/10\/Mahlfeier-3.docx\" class=\"wp-block-file__button wp-element-button\" download aria-describedby=\"wp-block-file--media-69f29e94-42fc-45f9-b807-c353b37a617d\">Herunterladen<\/a><\/div>\n\n\n\n<div style=\"height:50px\" aria-hidden=\"true\" class=\"wp-block-spacer\"><\/div>\n\n\n\n<div class=\"wp-block-file\"><a id=\"wp-block-file--media-3f112fcf-8c17-4447-bcf8-0ae671906e20\" href=\"https:\/\/emk-gottesdienst.org\/besondere-zeiten\/wp-content\/uploads\/2025\/10\/Mahlfeier-4.pdf\">Mahlfeier 4.pdf<\/a><a href=\"https:\/\/emk-gottesdienst.org\/besondere-zeiten\/wp-content\/uploads\/2025\/10\/Mahlfeier-4.pdf\" class=\"wp-block-file__button wp-element-button\" download aria-describedby=\"wp-block-file--media-3f112fcf-8c17-4447-bcf8-0ae671906e20\">Herunterladen<\/a><\/div>\n\n\n\n<div class=\"wp-block-file\"><a id=\"wp-block-file--media-4e185e02-f90a-4198-b9d0-b5d471d7979f\" href=\"https:\/\/emk-gottesdienst.org\/besondere-zeiten\/wp-content\/uploads\/2025\/10\/Mahlfeier-4.docx\">Mahlfeier 4.docx<\/a><a href=\"https:\/\/emk-gottesdienst.org\/besondere-zeiten\/wp-content\/uploads\/2025\/10\/Mahlfeier-4.docx\" class=\"wp-block-file__button wp-element-button\" download aria-describedby=\"wp-block-file--media-4e185e02-f90a-4198-b9d0-b5d471d7979f\">Herunterladen<\/a><\/div>\n\n\n\n<div style=\"height:70px\" aria-hidden=\"true\" class=\"wp-block-spacer\"><\/div>\n\n\n\n<p>Die folgende Ordnung f\u00fcr eine Mahlfeier fand zur Zentralkonferenz in W\u00fcrzburg im Februar 2025 Verwendung:<\/p>\n\n\n\n<div data-wp-interactive=\"core\/file\" class=\"wp-block-file\"><object data-wp-bind--hidden=\"!state.hasPdfPreview\" hidden class=\"wp-block-file__embed\" data=\"https:\/\/emk-gottesdienst.org\/besondere-zeiten\/wp-content\/uploads\/2026\/02\/Mahlfeier-5.pdf\" type=\"application\/pdf\" style=\"width:100%;height:300px\" aria-label=\"Einbettung von Mahlfeier 5 (PDF).\"><\/object><a id=\"wp-block-file--media-b851008f-ad21-4113-b110-4ceabf106d9e\" href=\"https:\/\/emk-gottesdienst.org\/besondere-zeiten\/wp-content\/uploads\/2026\/02\/Mahlfeier-5.pdf\">Mahlfeier 5 (PDF)<\/a><a href=\"https:\/\/emk-gottesdienst.org\/besondere-zeiten\/wp-content\/uploads\/2026\/02\/Mahlfeier-5.pdf\" class=\"wp-block-file__button wp-element-button\" download aria-describedby=\"wp-block-file--media-b851008f-ad21-4113-b110-4ceabf106d9e\">Herunterladen<\/a><\/div>\n\n\n\n<div class=\"wp-block-file\"><a id=\"wp-block-file--media-83490490-3780-467a-87db-04a1ea815397\" href=\"https:\/\/emk-gottesdienst.org\/besondere-zeiten\/wp-content\/uploads\/2026\/02\/Mahlfeier-5.docx\">Mahlfeier 5 (DOCX)<\/a><a href=\"https:\/\/emk-gottesdienst.org\/besondere-zeiten\/wp-content\/uploads\/2026\/02\/Mahlfeier-5.docx\" class=\"wp-block-file__button wp-element-button\" download aria-describedby=\"wp-block-file--media-83490490-3780-467a-87db-04a1ea815397\">Herunterladen<\/a><\/div>\n\n\n\n<div style=\"height:70px\" aria-hidden=\"true\" class=\"wp-block-spacer\"><\/div>\n\n\n\n<p><a href=\"https:\/\/emk-gottesdienst.org\/besondere-zeiten\/2025\/11\/14\/einsatzstuecke-zur-mahlfeier\/\" data-type=\"post\" data-id=\"3157\">Einsatzst\u00fccke zur Mahlfeier  \u2013&gt;<\/a><\/p>\n","protected":false},"excerpt":{"rendered":"<p>Einzelne Formulare f\u00fcr den Gottesdienst finden sich ganz unten auf der Seite. Syntax gek\u00fcrzt nach EM 772 Basissprache: Sch\u00f6pfung Elementare sprache Angelehnt an Einfache Sprache [ \u00f7&nbsp;&nbsp; Friedensgru\u00df ] &nbsp; &nbsp; &nbsp; &nbsp; &nbsp; Gabenbereitung und Sammlung der Geldgaben (Kollekte) Das Dankopfer wird in Form einer freiwilligen Geldkollekte gesammelt. Dazu wird ein Gabenlied gesungen. W\u00e4hrenddessen &hellip; <a href=\"https:\/\/emk-gottesdienst.org\/besondere-zeiten\/abendmahl\/\" class=\"more-link\"><span class=\"screen-reader-text\">Abendmahl<\/span> weiterlesen <span class=\"meta-nav\">&rarr;<\/span><\/a><\/p>\n","protected":false},"author":1,"featured_media":0,"parent":0,"menu_order":3,"comment_status":"closed","ping_status":"closed","template":"","meta":{"_uag_custom_page_level_css":"","footnotes":""},"class_list":["post-476","page","type-page","status-publish","hentry"],"uagb_featured_image_src":{"full":false,"thumbnail":false,"medium":false,"medium_large":false,"large":false,"1536x1536":false,"2048x2048":false,"post-thumbnail":false},"uagb_author_info":{"display_name":"davids","author_link":"https:\/\/emk-gottesdienst.org\/besondere-zeiten\/author\/davids\/"},"uagb_comment_info":0,"uagb_excerpt":"Einzelne Formulare f\u00fcr den Gottesdienst finden sich ganz unten auf der Seite. Syntax gek\u00fcrzt nach EM 772 Basissprache: Sch\u00f6pfung Elementare sprache Angelehnt an Einfache Sprache [ \u00f7&nbsp;&nbsp; Friedensgru\u00df ] &nbsp; &nbsp; &nbsp; &nbsp; &nbsp; Gabenbereitung und Sammlung der Geldgaben (Kollekte) Das Dankopfer wird in Form einer freiwilligen Geldkollekte gesammelt. Dazu wird ein Gabenlied gesungen. W\u00e4hrenddessen&hellip;","_links":{"self":[{"href":"https:\/\/emk-gottesdienst.org\/besondere-zeiten\/wp-json\/wp\/v2\/pages\/476","targetHints":{"allow":["GET"]}}],"collection":[{"href":"https:\/\/emk-gottesdienst.org\/besondere-zeiten\/wp-json\/wp\/v2\/pages"}],"about":[{"href":"https:\/\/emk-gottesdienst.org\/besondere-zeiten\/wp-json\/wp\/v2\/types\/page"}],"author":[{"embeddable":true,"href":"https:\/\/emk-gottesdienst.org\/besondere-zeiten\/wp-json\/wp\/v2\/users\/1"}],"replies":[{"embeddable":true,"href":"https:\/\/emk-gottesdienst.org\/besondere-zeiten\/wp-json\/wp\/v2\/comments?post=476"}],"version-history":[{"count":10,"href":"https:\/\/emk-gottesdienst.org\/besondere-zeiten\/wp-json\/wp\/v2\/pages\/476\/revisions"}],"predecessor-version":[{"id":3423,"href":"https:\/\/emk-gottesdienst.org\/besondere-zeiten\/wp-json\/wp\/v2\/pages\/476\/revisions\/3423"}],"wp:attachment":[{"href":"https:\/\/emk-gottesdienst.org\/besondere-zeiten\/wp-json\/wp\/v2\/media?parent=476"}],"curies":[{"name":"wp","href":"https:\/\/api.w.org\/{rel}","templated":true}]}}